{"id":506,"date":"2024-02-09T13:57:47","date_gmt":"2024-02-09T12:57:47","guid":{"rendered":"https:\/\/cabanon-marseille.fr\/?page_id=506"},"modified":"2025-03-16T09:09:39","modified_gmt":"2025-03-16T08:09:39","slug":"reglement-de-lacompte","status":"publish","type":"page","link":"https:\/\/cabanon-marseille.fr\/index.php\/reglement-de-lacompte\/","title":{"rendered":"R\u00e8glement du s\u00e9jour"},"content":{"rendered":"\n<p><\/p>\n\n\n\n<p>Veuillez indiquer le montant qui est demand\u00e9 sur le contrat de location.<\/p>\n\n\n<p><script async\n  src=\"https:\/\/js.stripe.com\/v3\/buy-button.js\">\n<\/script><\/p>\n<p><stripe-buy-button\n  buy-button-id=\"buy_btn_1OhtdcJWUsqSi1zpdAKSXxp4\"\n  publishable-key=\"pk_live_51OhtKjJWUsqSi1zpls8SWw3PIna9WJlMMqG9OFGfgIzjKxLbl4c9A7S1GmVRnJG7jI00O3xT5xWDzJ4Tey98GNXX006VLdepzi\"\n><br \/>\n<\/stripe-buy-button><\/p>\n","protected":false},"excerpt":{"rendered":"<p>Veuillez indiquer le montant qui est demand\u00e9 sur le contrat de location.<\/p>\n","protected":false},"author":1,"featured_media":0,"parent":0,"menu_order":0,"comment_status":"closed","ping_status":"closed","template":"","meta":{"footnotes":""},"class_list":["post-506","page","type-page","status-publish","hentry"],"yoast_head":"<!-- This site is optimized with the Yoast SEO plugin v27.4 - https:\/\/yoast.com\/product\/yoast-seo-wordpress\/ -->\n<title>Cabanon de p\u00eacheur \u00e0 Marseille sur la plage<\/title>\n<meta name=\"description\" content=\"Location cabanon de p\u00eacheur \u00e0 Marseille sur la plage. Location de vacances bord de mer. Location saisonni\u00e8re bord de mer \u00e0 Marseille\" \/>\n<meta name=\"robots\" content=\"index, follow, max-snippet:-1, max-image-preview:large, max-video-preview:-1\" \/>\n<link rel=\"canonical\" href=\"https:\/\/cabanon-marseille.fr\/index.php\/reglement-de-lacompte\/\" \/>\n<meta property=\"og:locale\" content=\"fr_FR\" \/>\n<meta property=\"og:type\" content=\"article\" \/>\n<meta property=\"og:title\" content=\"Cabanon de p\u00eacheur \u00e0 Marseille sur la plage\" \/>\n<meta property=\"og:description\" content=\"Location cabanon de p\u00eacheur \u00e0 Marseille sur la plage. Location de vacances bord de mer. Location saisonni\u00e8re bord de mer \u00e0 Marseille\" \/>\n<meta property=\"og:url\" content=\"https:\/\/cabanon-marseille.fr\/index.php\/reglement-de-lacompte\/\" \/>\n<meta property=\"og:site_name\" content=\"Cabanon de p\u00eacheur \u00e0 Marseille, en bord de mer\" \/>\n<meta property=\"article:modified_time\" content=\"2025-03-16T08:09:39+00:00\" \/>\n<meta property=\"og:image\" content=\"https:\/\/cabanon-marseille.fr\/wp-content\/uploads\/2023\/05\/cropped-cropped-img_2050-2-scaled-1.jpeg\" \/>\n\t<meta property=\"og:image:width\" content=\"2000\" \/>\n\t<meta property=\"og:image:height\" content=\"1200\" \/>\n\t<meta property=\"og:image:type\" content=\"image\/jpeg\" \/>\n<meta name=\"twitter:card\" content=\"summary_large_image\" \/>\n<meta name=\"twitter:label1\" content=\"Dur\u00e9e de lecture estim\u00e9e\" \/>\n\t<meta name=\"twitter:data1\" content=\"1 minute\" \/>\n<script type=\"application\/ld+json\" class=\"yoast-schema-graph\">{\"@context\":\"https:\\\/\\\/schema.org\",\"@graph\":[{\"@type\":\"WebPage\",\"@id\":\"https:\\\/\\\/cabanon-marseille.fr\\\/index.php\\\/reglement-de-lacompte\\\/\",\"url\":\"https:\\\/\\\/cabanon-marseille.fr\\\/index.php\\\/reglement-de-lacompte\\\/\",\"name\":\"Cabanon de p\u00eacheur \u00e0 Marseille sur la plage\",\"isPartOf\":{\"@id\":\"https:\\\/\\\/cabanon-marseille.fr\\\/#website\"},\"datePublished\":\"2024-02-09T12:57:47+00:00\",\"dateModified\":\"2025-03-16T08:09:39+00:00\",\"description\":\"Location cabanon de p\u00eacheur \u00e0 Marseille sur la plage. Location de vacances bord de mer. Location saisonni\u00e8re bord de mer \u00e0 Marseille\",\"breadcrumb\":{\"@id\":\"https:\\\/\\\/cabanon-marseille.fr\\\/index.php\\\/reglement-de-lacompte\\\/#breadcrumb\"},\"inLanguage\":\"fr-FR\",\"potentialAction\":[{\"@type\":\"ReadAction\",\"target\":[\"https:\\\/\\\/cabanon-marseille.fr\\\/index.php\\\/reglement-de-lacompte\\\/\"]}]},{\"@type\":\"BreadcrumbList\",\"@id\":\"https:\\\/\\\/cabanon-marseille.fr\\\/index.php\\\/reglement-de-lacompte\\\/#breadcrumb\",\"itemListElement\":[{\"@type\":\"ListItem\",\"position\":1,\"name\":\"Accueil\",\"item\":\"https:\\\/\\\/cabanon-marseille.fr\\\/\"},{\"@type\":\"ListItem\",\"position\":2,\"name\":\"R\u00e8glement du s\u00e9jour\"}]},{\"@type\":\"WebSite\",\"@id\":\"https:\\\/\\\/cabanon-marseille.fr\\\/#website\",\"url\":\"https:\\\/\\\/cabanon-marseille.fr\\\/\",\"name\":\"Cabanon de p\u00eacheur \u00e0 Marseille, en bord de mer\",\"description\":\"Au plus pr\u00e8s de la mer, face aux couchers de soleil sur les iles du Frioul. Magique !\",\"publisher\":{\"@id\":\"https:\\\/\\\/cabanon-marseille.fr\\\/#organization\"},\"alternateName\":\"location saisonni\u00e8re Marseille bord de mer, sur la plage\",\"potentialAction\":[{\"@type\":\"SearchAction\",\"target\":{\"@type\":\"EntryPoint\",\"urlTemplate\":\"https:\\\/\\\/cabanon-marseille.fr\\\/?s={search_term_string}\"},\"query-input\":{\"@type\":\"PropertyValueSpecification\",\"valueRequired\":true,\"valueName\":\"search_term_string\"}}],\"inLanguage\":\"fr-FR\"},{\"@type\":\"Organization\",\"@id\":\"https:\\\/\\\/cabanon-marseille.fr\\\/#organization\",\"name\":\"Cabanon de p\u00eacheur \u00e0 Marseille, en bord de mer\",\"url\":\"https:\\\/\\\/cabanon-marseille.fr\\\/\",\"logo\":{\"@type\":\"ImageObject\",\"inLanguage\":\"fr-FR\",\"@id\":\"https:\\\/\\\/cabanon-marseille.fr\\\/#\\\/schema\\\/logo\\\/image\\\/\",\"url\":\"https:\\\/\\\/cabanon-marseille.fr\\\/wp-content\\\/uploads\\\/2023\\\/05\\\/cropped-cropped-img_2050-2-scaled-1.jpeg\",\"contentUrl\":\"https:\\\/\\\/cabanon-marseille.fr\\\/wp-content\\\/uploads\\\/2023\\\/05\\\/cropped-cropped-img_2050-2-scaled-1.jpeg\",\"width\":2000,\"height\":1200,\"caption\":\"Cabanon de p\u00eacheur \u00e0 Marseille, en bord de mer\"},\"image\":{\"@id\":\"https:\\\/\\\/cabanon-marseille.fr\\\/#\\\/schema\\\/logo\\\/image\\\/\"}}]}<\/script>\n<!-- \/ Yoast SEO plugin. -->","yoast_head_json":{"title":"Cabanon de p\u00eacheur \u00e0 Marseille sur la plage","description":"Location cabanon de p\u00eacheur \u00e0 Marseille sur la plage. Location de vacances bord de mer. Location saisonni\u00e8re bord de mer \u00e0 Marseille","robots":{"index":"index","follow":"follow","max-snippet":"max-snippet:-1","max-image-preview":"max-image-preview:large","max-video-preview":"max-video-preview:-1"},"canonical":"https:\/\/cabanon-marseille.fr\/index.php\/reglement-de-lacompte\/","og_locale":"fr_FR","og_type":"article","og_title":"Cabanon de p\u00eacheur \u00e0 Marseille sur la plage","og_description":"Location cabanon de p\u00eacheur \u00e0 Marseille sur la plage. Location de vacances bord de mer. Location saisonni\u00e8re bord de mer \u00e0 Marseille","og_url":"https:\/\/cabanon-marseille.fr\/index.php\/reglement-de-lacompte\/","og_site_name":"Cabanon de p\u00eacheur \u00e0 Marseille, en bord de mer","article_modified_time":"2025-03-16T08:09:39+00:00","og_image":[{"width":2000,"height":1200,"url":"https:\/\/cabanon-marseille.fr\/wp-content\/uploads\/2023\/05\/cropped-cropped-img_2050-2-scaled-1.jpeg","type":"image\/jpeg"}],"twitter_card":"summary_large_image","twitter_misc":{"Dur\u00e9e de lecture estim\u00e9e":"1 minute"},"schema":{"@context":"https:\/\/schema.org","@graph":[{"@type":"WebPage","@id":"https:\/\/cabanon-marseille.fr\/index.php\/reglement-de-lacompte\/","url":"https:\/\/cabanon-marseille.fr\/index.php\/reglement-de-lacompte\/","name":"Cabanon de p\u00eacheur \u00e0 Marseille sur la plage","isPartOf":{"@id":"https:\/\/cabanon-marseille.fr\/#website"},"datePublished":"2024-02-09T12:57:47+00:00","dateModified":"2025-03-16T08:09:39+00:00","description":"Location cabanon de p\u00eacheur \u00e0 Marseille sur la plage. Location de vacances bord de mer. Location saisonni\u00e8re bord de mer \u00e0 Marseille","breadcrumb":{"@id":"https:\/\/cabanon-marseille.fr\/index.php\/reglement-de-lacompte\/#breadcrumb"},"inLanguage":"fr-FR","potentialAction":[{"@type":"ReadAction","target":["https:\/\/cabanon-marseille.fr\/index.php\/reglement-de-lacompte\/"]}]},{"@type":"BreadcrumbList","@id":"https:\/\/cabanon-marseille.fr\/index.php\/reglement-de-lacompte\/#breadcrumb","itemListElement":[{"@type":"ListItem","position":1,"name":"Accueil","item":"https:\/\/cabanon-marseille.fr\/"},{"@type":"ListItem","position":2,"name":"R\u00e8glement du s\u00e9jour"}]},{"@type":"WebSite","@id":"https:\/\/cabanon-marseille.fr\/#website","url":"https:\/\/cabanon-marseille.fr\/","name":"Cabanon de p\u00eacheur \u00e0 Marseille, en bord de mer","description":"Au plus pr\u00e8s de la mer, face aux couchers de soleil sur les iles du Frioul. Magique !","publisher":{"@id":"https:\/\/cabanon-marseille.fr\/#organization"},"alternateName":"location saisonni\u00e8re Marseille bord de mer, sur la plage","potentialAction":[{"@type":"SearchAction","target":{"@type":"EntryPoint","urlTemplate":"https:\/\/cabanon-marseille.fr\/?s={search_term_string}"},"query-input":{"@type":"PropertyValueSpecification","valueRequired":true,"valueName":"search_term_string"}}],"inLanguage":"fr-FR"},{"@type":"Organization","@id":"https:\/\/cabanon-marseille.fr\/#organization","name":"Cabanon de p\u00eacheur \u00e0 Marseille, en bord de mer","url":"https:\/\/cabanon-marseille.fr\/","logo":{"@type":"ImageObject","inLanguage":"fr-FR","@id":"https:\/\/cabanon-marseille.fr\/#\/schema\/logo\/image\/","url":"https:\/\/cabanon-marseille.fr\/wp-content\/uploads\/2023\/05\/cropped-cropped-img_2050-2-scaled-1.jpeg","contentUrl":"https:\/\/cabanon-marseille.fr\/wp-content\/uploads\/2023\/05\/cropped-cropped-img_2050-2-scaled-1.jpeg","width":2000,"height":1200,"caption":"Cabanon de p\u00eacheur \u00e0 Marseille, en bord de mer"},"image":{"@id":"https:\/\/cabanon-marseille.fr\/#\/schema\/logo\/image\/"}}]}},"_links":{"self":[{"href":"https:\/\/cabanon-marseille.fr\/index.php\/wp-json\/wp\/v2\/pages\/506","targetHints":{"allow":["GET"]}}],"collection":[{"href":"https:\/\/cabanon-marseille.fr\/index.php\/wp-json\/wp\/v2\/pages"}],"about":[{"href":"https:\/\/cabanon-marseille.fr\/index.php\/wp-json\/wp\/v2\/types\/page"}],"author":[{"embeddable":true,"href":"https:\/\/cabanon-marseille.fr\/index.php\/wp-json\/wp\/v2\/users\/1"}],"replies":[{"embeddable":true,"href":"https:\/\/cabanon-marseille.fr\/index.php\/wp-json\/wp\/v2\/comments?post=506"}],"version-history":[{"count":10,"href":"https:\/\/cabanon-marseille.fr\/index.php\/wp-json\/wp\/v2\/pages\/506\/revisions"}],"predecessor-version":[{"id":817,"href":"https:\/\/cabanon-marseille.fr\/index.php\/wp-json\/wp\/v2\/pages\/506\/revisions\/817"}],"wp:attachment":[{"href":"https:\/\/cabanon-marseille.fr\/index.php\/wp-json\/wp\/v2\/media?parent=506"}],"curies":[{"name":"wp","href":"https:\/\/api.w.org\/{rel}","templated":true}]}}