{"id":242,"date":"2023-05-26T17:36:39","date_gmt":"2023-05-26T15:36:39","guid":{"rendered":"https:\/\/cabanon-marseille.fr\/?page_id=242"},"modified":"2023-12-26T09:48:55","modified_gmt":"2023-12-26T08:48:55","slug":"localisation-cliquer-sur-le-plan-pour-ouvrir-google-map","status":"publish","type":"page","link":"https:\/\/cabanon-marseille.fr\/index.php\/localisation-cliquer-sur-le-plan-pour-ouvrir-google-map\/","title":{"rendered":"Localisation du cabanon sur la plage \u00e0 Marseille"},"content":{"rendered":"\n<p><\/p>\n\n\n\n<p>Situ\u00e9 dans le 8i\u00e8me arrondissement de Marseille, dans le quartier de Montredon, ce cabanon de p\u00eacheur en bord de mer et des calanques de Marseille est un lieu id\u00e9al pour passer des vacances insolites et magiques. Ce logement tout confort que nous proposons en location saisonni\u00e8re quand nous n&rsquo;y sommes pas est situ\u00e9 sur la plage et b\u00e9n\u00e9ficie d&rsquo;une vue \u00e0 couper le souffle sur la mer m\u00e9diterran\u00e9e.<\/p>\n\n\n\n<p class=\"has-text-align-center\"><strong><em>Cliquer sur la touche google map ou sur la carte pour voir o\u00f9 se situe le cabanon sur la plage. <\/em><\/strong><\/p>\n\n\n\n<div class=\"wp-block-buttons is-content-justification-center is-layout-flex wp-container-core-buttons-is-layout-16018d1d wp-block-buttons-is-layout-flex\">\n<div class=\"wp-block-button\"><a class=\"wp-block-button__link wp-element-button\" href=\"https:\/\/www.google.com\/maps\/place\/Cabanon+sur+la+plage+marseille\/@43.2358956,5.3575305,17z\/data=!3m1!4b1!4m6!3m5!1s0x12c9c74ba2ea4f4f:0xe235ba6de98c4d0e!8m2!3d43.2358956!4d5.3601054!16s%2Fg%2F11kjn_phxv?hl=fr&amp;entry=ttu\" target=\"_blank\" rel=\"noreferrer noopener\">Google map<\/a><\/div>\n<\/div>\n\n\n\n<p>                             <\/p>\n\n\n\n<figure class=\"wp-block-image alignwide size-full\"><a href=\"https:\/\/www.google.com\/maps\/place\/Cabanon+sur+la+plage+marseille\/@43.2358956,5.3575305,17z\/data=!3m1!4b1!4m6!3m5!1s0x12c9c74ba2ea4f4f:0xe235ba6de98c4d0e!8m2!3d43.2358956!4d5.3601054!16s%2Fg%2F11kjn_phxv?hl=fr&amp;entry=ttu\" target=\"_blank\" rel=\"noreferrer noopener\"><img loading=\"lazy\" decoding=\"async\" width=\"607\" height=\"715\" src=\"https:\/\/cabanon-marseille.fr\/wp-content\/uploads\/2023\/05\/plan.png\" alt=\"adresse du cabanon\" class=\"wp-image-29\" srcset=\"https:\/\/cabanon-marseille.fr\/wp-content\/uploads\/2023\/05\/plan.png 607w, https:\/\/cabanon-marseille.fr\/wp-content\/uploads\/2023\/05\/plan-255x300.png 255w\" sizes=\"auto, (max-width: 607px) 100vw, 607px\" \/><\/a><\/figure>\n","protected":false},"excerpt":{"rendered":"<p>Situ\u00e9 dans le 8i\u00e8me arrondissement de Marseille, dans le quartier de Montredon, ce cabanon de p\u00eacheur en bord de mer et des calanques de Marseille est un lieu id\u00e9al pour passer des vacances insolites et magiques. Ce logement tout confort que nous proposons en location saisonni\u00e8re quand nous n&rsquo;y sommes pas est situ\u00e9 sur la &hellip; <\/p>\n<p class=\"link-more\"><a href=\"https:\/\/cabanon-marseille.fr\/index.php\/localisation-cliquer-sur-le-plan-pour-ouvrir-google-map\/\" class=\"more-link\">Lire la suite de<span class=\"screen-reader-text\">\u00ab\u00a0Localisation du cabanon sur la plage \u00e0 Marseille\u00a0\u00bb<\/span><\/a><\/p>\n","protected":false},"author":1,"featured_media":0,"parent":0,"menu_order":0,"comment_status":"closed","ping_status":"closed","template":"","meta":{"footnotes":""},"class_list":["post-242","page","type-page","status-publish","hentry"],"yoast_head":"<!-- This site is optimized with the Yoast SEO plugin v27.5 - https:\/\/yoast.com\/product\/yoast-seo-wordpress\/ -->\n<title>Cabanon de p\u00eacheur \u00e0 Marseille sur la plage<\/title>\n<meta name=\"description\" content=\"Location cabanon de p\u00eacheur \u00e0 Marseille sur la plage. Location de vacances bord de mer. Location saisonni\u00e8re bord de mer \u00e0 Marseille\" \/>\n<meta name=\"robots\" content=\"index, follow, max-snippet:-1, max-image-preview:large, max-video-preview:-1\" \/>\n<link rel=\"canonical\" href=\"https:\/\/cabanon-marseille.fr\/index.php\/localisation-cliquer-sur-le-plan-pour-ouvrir-google-map\/\" \/>\n<meta property=\"og:locale\" content=\"fr_FR\" \/>\n<meta property=\"og:type\" content=\"article\" \/>\n<meta property=\"og:title\" content=\"Cabanon de p\u00eacheur \u00e0 Marseille sur la plage\" \/>\n<meta property=\"og:description\" content=\"Location cabanon de p\u00eacheur \u00e0 Marseille sur la plage. Location de vacances bord de mer. Location saisonni\u00e8re bord de mer \u00e0 Marseille\" \/>\n<meta property=\"og:url\" content=\"https:\/\/cabanon-marseille.fr\/index.php\/localisation-cliquer-sur-le-plan-pour-ouvrir-google-map\/\" \/>\n<meta property=\"og:site_name\" content=\"Cabanon de p\u00eacheur \u00e0 Marseille, en bord de mer\" \/>\n<meta property=\"article:modified_time\" content=\"2023-12-26T08:48:55+00:00\" \/>\n<meta property=\"og:image\" content=\"https:\/\/cabanon-marseille.fr\/wp-content\/uploads\/2023\/05\/plan.png\" \/>\n<meta name=\"twitter:card\" content=\"summary_large_image\" \/>\n<meta name=\"twitter:label1\" content=\"Dur\u00e9e de lecture estim\u00e9e\" \/>\n\t<meta name=\"twitter:data1\" content=\"1 minute\" \/>\n<script type=\"application\/ld+json\" class=\"yoast-schema-graph\">{\"@context\":\"https:\\\/\\\/schema.org\",\"@graph\":[{\"@type\":\"WebPage\",\"@id\":\"https:\\\/\\\/cabanon-marseille.fr\\\/index.php\\\/localisation-cliquer-sur-le-plan-pour-ouvrir-google-map\\\/\",\"url\":\"https:\\\/\\\/cabanon-marseille.fr\\\/index.php\\\/localisation-cliquer-sur-le-plan-pour-ouvrir-google-map\\\/\",\"name\":\"Cabanon de p\u00eacheur \u00e0 Marseille sur la plage\",\"isPartOf\":{\"@id\":\"https:\\\/\\\/cabanon-marseille.fr\\\/#website\"},\"primaryImageOfPage\":{\"@id\":\"https:\\\/\\\/cabanon-marseille.fr\\\/index.php\\\/localisation-cliquer-sur-le-plan-pour-ouvrir-google-map\\\/#primaryimage\"},\"image\":{\"@id\":\"https:\\\/\\\/cabanon-marseille.fr\\\/index.php\\\/localisation-cliquer-sur-le-plan-pour-ouvrir-google-map\\\/#primaryimage\"},\"thumbnailUrl\":\"https:\\\/\\\/cabanon-marseille.fr\\\/wp-content\\\/uploads\\\/2023\\\/05\\\/plan.png\",\"datePublished\":\"2023-05-26T15:36:39+00:00\",\"dateModified\":\"2023-12-26T08:48:55+00:00\",\"description\":\"Location cabanon de p\u00eacheur \u00e0 Marseille sur la plage. Location de vacances bord de mer. Location saisonni\u00e8re bord de mer \u00e0 Marseille\",\"breadcrumb\":{\"@id\":\"https:\\\/\\\/cabanon-marseille.fr\\\/index.php\\\/localisation-cliquer-sur-le-plan-pour-ouvrir-google-map\\\/#breadcrumb\"},\"inLanguage\":\"fr-FR\",\"potentialAction\":[{\"@type\":\"ReadAction\",\"target\":[\"https:\\\/\\\/cabanon-marseille.fr\\\/index.php\\\/localisation-cliquer-sur-le-plan-pour-ouvrir-google-map\\\/\"]}]},{\"@type\":\"ImageObject\",\"inLanguage\":\"fr-FR\",\"@id\":\"https:\\\/\\\/cabanon-marseille.fr\\\/index.php\\\/localisation-cliquer-sur-le-plan-pour-ouvrir-google-map\\\/#primaryimage\",\"url\":\"https:\\\/\\\/cabanon-marseille.fr\\\/wp-content\\\/uploads\\\/2023\\\/05\\\/plan.png\",\"contentUrl\":\"https:\\\/\\\/cabanon-marseille.fr\\\/wp-content\\\/uploads\\\/2023\\\/05\\\/plan.png\",\"width\":607,\"height\":715,\"caption\":\"Cabanon sur la plage Marseille\"},{\"@type\":\"BreadcrumbList\",\"@id\":\"https:\\\/\\\/cabanon-marseille.fr\\\/index.php\\\/localisation-cliquer-sur-le-plan-pour-ouvrir-google-map\\\/#breadcrumb\",\"itemListElement\":[{\"@type\":\"ListItem\",\"position\":1,\"name\":\"Accueil\",\"item\":\"https:\\\/\\\/cabanon-marseille.fr\\\/\"},{\"@type\":\"ListItem\",\"position\":2,\"name\":\"Localisation du cabanon sur la plage \u00e0 Marseille\"}]},{\"@type\":\"WebSite\",\"@id\":\"https:\\\/\\\/cabanon-marseille.fr\\\/#website\",\"url\":\"https:\\\/\\\/cabanon-marseille.fr\\\/\",\"name\":\"Cabanon de p\u00eacheur \u00e0 Marseille, en bord de mer\",\"description\":\"Au plus pr\u00e8s de la mer, face aux couchers de soleil sur les iles du Frioul. Magique !\",\"publisher\":{\"@id\":\"https:\\\/\\\/cabanon-marseille.fr\\\/#organization\"},\"alternateName\":\"location saisonni\u00e8re Marseille bord de mer, sur la plage\",\"potentialAction\":[{\"@type\":\"SearchAction\",\"target\":{\"@type\":\"EntryPoint\",\"urlTemplate\":\"https:\\\/\\\/cabanon-marseille.fr\\\/?s={search_term_string}\"},\"query-input\":{\"@type\":\"PropertyValueSpecification\",\"valueRequired\":true,\"valueName\":\"search_term_string\"}}],\"inLanguage\":\"fr-FR\"},{\"@type\":\"Organization\",\"@id\":\"https:\\\/\\\/cabanon-marseille.fr\\\/#organization\",\"name\":\"Cabanon de p\u00eacheur \u00e0 Marseille, en bord de mer\",\"url\":\"https:\\\/\\\/cabanon-marseille.fr\\\/\",\"logo\":{\"@type\":\"ImageObject\",\"inLanguage\":\"fr-FR\",\"@id\":\"https:\\\/\\\/cabanon-marseille.fr\\\/#\\\/schema\\\/logo\\\/image\\\/\",\"url\":\"https:\\\/\\\/cabanon-marseille.fr\\\/wp-content\\\/uploads\\\/2023\\\/05\\\/cropped-cropped-img_2050-2-scaled-1.jpeg\",\"contentUrl\":\"https:\\\/\\\/cabanon-marseille.fr\\\/wp-content\\\/uploads\\\/2023\\\/05\\\/cropped-cropped-img_2050-2-scaled-1.jpeg\",\"width\":2000,\"height\":1200,\"caption\":\"Cabanon de p\u00eacheur \u00e0 Marseille, en bord de mer\"},\"image\":{\"@id\":\"https:\\\/\\\/cabanon-marseille.fr\\\/#\\\/schema\\\/logo\\\/image\\\/\"}}]}<\/script>\n<!-- \/ Yoast SEO plugin. -->","yoast_head_json":{"title":"Cabanon de p\u00eacheur \u00e0 Marseille sur la plage","description":"Location cabanon de p\u00eacheur \u00e0 Marseille sur la plage. Location de vacances bord de mer. Location saisonni\u00e8re bord de mer \u00e0 Marseille","robots":{"index":"index","follow":"follow","max-snippet":"max-snippet:-1","max-image-preview":"max-image-preview:large","max-video-preview":"max-video-preview:-1"},"canonical":"https:\/\/cabanon-marseille.fr\/index.php\/localisation-cliquer-sur-le-plan-pour-ouvrir-google-map\/","og_locale":"fr_FR","og_type":"article","og_title":"Cabanon de p\u00eacheur \u00e0 Marseille sur la plage","og_description":"Location cabanon de p\u00eacheur \u00e0 Marseille sur la plage. Location de vacances bord de mer. Location saisonni\u00e8re bord de mer \u00e0 Marseille","og_url":"https:\/\/cabanon-marseille.fr\/index.php\/localisation-cliquer-sur-le-plan-pour-ouvrir-google-map\/","og_site_name":"Cabanon de p\u00eacheur \u00e0 Marseille, en bord de mer","article_modified_time":"2023-12-26T08:48:55+00:00","og_image":[{"url":"https:\/\/cabanon-marseille.fr\/wp-content\/uploads\/2023\/05\/plan.png","type":"","width":"","height":""}],"twitter_card":"summary_large_image","twitter_misc":{"Dur\u00e9e de lecture estim\u00e9e":"1 minute"},"schema":{"@context":"https:\/\/schema.org","@graph":[{"@type":"WebPage","@id":"https:\/\/cabanon-marseille.fr\/index.php\/localisation-cliquer-sur-le-plan-pour-ouvrir-google-map\/","url":"https:\/\/cabanon-marseille.fr\/index.php\/localisation-cliquer-sur-le-plan-pour-ouvrir-google-map\/","name":"Cabanon de p\u00eacheur \u00e0 Marseille sur la plage","isPartOf":{"@id":"https:\/\/cabanon-marseille.fr\/#website"},"primaryImageOfPage":{"@id":"https:\/\/cabanon-marseille.fr\/index.php\/localisation-cliquer-sur-le-plan-pour-ouvrir-google-map\/#primaryimage"},"image":{"@id":"https:\/\/cabanon-marseille.fr\/index.php\/localisation-cliquer-sur-le-plan-pour-ouvrir-google-map\/#primaryimage"},"thumbnailUrl":"https:\/\/cabanon-marseille.fr\/wp-content\/uploads\/2023\/05\/plan.png","datePublished":"2023-05-26T15:36:39+00:00","dateModified":"2023-12-26T08:48:55+00:00","description":"Location cabanon de p\u00eacheur \u00e0 Marseille sur la plage. Location de vacances bord de mer. Location saisonni\u00e8re bord de mer \u00e0 Marseille","breadcrumb":{"@id":"https:\/\/cabanon-marseille.fr\/index.php\/localisation-cliquer-sur-le-plan-pour-ouvrir-google-map\/#breadcrumb"},"inLanguage":"fr-FR","potentialAction":[{"@type":"ReadAction","target":["https:\/\/cabanon-marseille.fr\/index.php\/localisation-cliquer-sur-le-plan-pour-ouvrir-google-map\/"]}]},{"@type":"ImageObject","inLanguage":"fr-FR","@id":"https:\/\/cabanon-marseille.fr\/index.php\/localisation-cliquer-sur-le-plan-pour-ouvrir-google-map\/#primaryimage","url":"https:\/\/cabanon-marseille.fr\/wp-content\/uploads\/2023\/05\/plan.png","contentUrl":"https:\/\/cabanon-marseille.fr\/wp-content\/uploads\/2023\/05\/plan.png","width":607,"height":715,"caption":"Cabanon sur la plage Marseille"},{"@type":"BreadcrumbList","@id":"https:\/\/cabanon-marseille.fr\/index.php\/localisation-cliquer-sur-le-plan-pour-ouvrir-google-map\/#breadcrumb","itemListElement":[{"@type":"ListItem","position":1,"name":"Accueil","item":"https:\/\/cabanon-marseille.fr\/"},{"@type":"ListItem","position":2,"name":"Localisation du cabanon sur la plage \u00e0 Marseille"}]},{"@type":"WebSite","@id":"https:\/\/cabanon-marseille.fr\/#website","url":"https:\/\/cabanon-marseille.fr\/","name":"Cabanon de p\u00eacheur \u00e0 Marseille, en bord de mer","description":"Au plus pr\u00e8s de la mer, face aux couchers de soleil sur les iles du Frioul. Magique !","publisher":{"@id":"https:\/\/cabanon-marseille.fr\/#organization"},"alternateName":"location saisonni\u00e8re Marseille bord de mer, sur la plage","potentialAction":[{"@type":"SearchAction","target":{"@type":"EntryPoint","urlTemplate":"https:\/\/cabanon-marseille.fr\/?s={search_term_string}"},"query-input":{"@type":"PropertyValueSpecification","valueRequired":true,"valueName":"search_term_string"}}],"inLanguage":"fr-FR"},{"@type":"Organization","@id":"https:\/\/cabanon-marseille.fr\/#organization","name":"Cabanon de p\u00eacheur \u00e0 Marseille, en bord de mer","url":"https:\/\/cabanon-marseille.fr\/","logo":{"@type":"ImageObject","inLanguage":"fr-FR","@id":"https:\/\/cabanon-marseille.fr\/#\/schema\/logo\/image\/","url":"https:\/\/cabanon-marseille.fr\/wp-content\/uploads\/2023\/05\/cropped-cropped-img_2050-2-scaled-1.jpeg","contentUrl":"https:\/\/cabanon-marseille.fr\/wp-content\/uploads\/2023\/05\/cropped-cropped-img_2050-2-scaled-1.jpeg","width":2000,"height":1200,"caption":"Cabanon de p\u00eacheur \u00e0 Marseille, en bord de mer"},"image":{"@id":"https:\/\/cabanon-marseille.fr\/#\/schema\/logo\/image\/"}}]}},"_links":{"self":[{"href":"https:\/\/cabanon-marseille.fr\/index.php\/wp-json\/wp\/v2\/pages\/242","targetHints":{"allow":["GET"]}}],"collection":[{"href":"https:\/\/cabanon-marseille.fr\/index.php\/wp-json\/wp\/v2\/pages"}],"about":[{"href":"https:\/\/cabanon-marseille.fr\/index.php\/wp-json\/wp\/v2\/types\/page"}],"author":[{"embeddable":true,"href":"https:\/\/cabanon-marseille.fr\/index.php\/wp-json\/wp\/v2\/users\/1"}],"replies":[{"embeddable":true,"href":"https:\/\/cabanon-marseille.fr\/index.php\/wp-json\/wp\/v2\/comments?post=242"}],"version-history":[{"count":19,"href":"https:\/\/cabanon-marseille.fr\/index.php\/wp-json\/wp\/v2\/pages\/242\/revisions"}],"predecessor-version":[{"id":366,"href":"https:\/\/cabanon-marseille.fr\/index.php\/wp-json\/wp\/v2\/pages\/242\/revisions\/366"}],"wp:attachment":[{"href":"https:\/\/cabanon-marseille.fr\/index.php\/wp-json\/wp\/v2\/media?parent=242"}],"curies":[{"name":"wp","href":"https:\/\/api.w.org\/{rel}","templated":true}]}}