{"id":168,"date":"2023-05-26T12:17:55","date_gmt":"2023-05-26T10:17:55","guid":{"rendered":"https:\/\/cabanon-marseille.fr\/?page_id=168"},"modified":"2025-12-13T18:08:29","modified_gmt":"2025-12-13T17:08:29","slug":"ou-se-situe-le-cabanon","status":"publish","type":"page","link":"https:\/\/cabanon-marseille.fr\/index.php\/ou-se-situe-le-cabanon\/","title":{"rendered":"Le cabanon sur la plage \u00e0 Marseille"},"content":{"rendered":"<div class=\"wp-block-image\">\n<figure class=\"aligncenter size-full\"><img loading=\"lazy\" decoding=\"async\" width=\"2048\" height=\"1536\" src=\"https:\/\/cabanon-marseille.fr\/wp-content\/uploads\/2024\/02\/229d91b1-9ab4-4fac-8544-762ab94c2ae4-4.jpg\" alt=\"\" class=\"wp-image-557\" srcset=\"https:\/\/cabanon-marseille.fr\/wp-content\/uploads\/2024\/02\/229d91b1-9ab4-4fac-8544-762ab94c2ae4-4.jpg 2048w, https:\/\/cabanon-marseille.fr\/wp-content\/uploads\/2024\/02\/229d91b1-9ab4-4fac-8544-762ab94c2ae4-4-300x225.jpg 300w, https:\/\/cabanon-marseille.fr\/wp-content\/uploads\/2024\/02\/229d91b1-9ab4-4fac-8544-762ab94c2ae4-4-1024x768.jpg 1024w, https:\/\/cabanon-marseille.fr\/wp-content\/uploads\/2024\/02\/229d91b1-9ab4-4fac-8544-762ab94c2ae4-4-768x576.jpg 768w, https:\/\/cabanon-marseille.fr\/wp-content\/uploads\/2024\/02\/229d91b1-9ab4-4fac-8544-762ab94c2ae4-4-1536x1152.jpg 1536w, https:\/\/cabanon-marseille.fr\/wp-content\/uploads\/2024\/02\/229d91b1-9ab4-4fac-8544-762ab94c2ae4-4-2000x1500.jpg 2000w\" sizes=\"auto, (max-width: 2048px) 100vw, 2048px\" \/><\/figure>\n<\/div>\n\n\n<p><\/p>\n\n\n\n<h2 class=\"wp-block-heading\"><strong>Un cabanon tout \u00e9quip\u00e9 pour des vacances r\u00e9ussies aux portes des calanques de Marseille.  <\/strong>Un art de vivre \u00e0 la marseillaise !<\/h2>\n\n\n\n<p><strong>\u2013<\/strong>&nbsp;L\u2019acc\u00e8s \u00e0 la plage et donc au cabanon demande une&nbsp;<strong>bonne mobilit\u00e9<\/strong>, escalier raide (voir page \u201cPhotos\u201d)<\/p>\n\n\n\n<p><strong>\u2013<\/strong>&nbsp;Cette place est unique, elle est choy\u00e9e par les quelques Cabanoniers et les marseillais des alentours. Nous n\u2019y sommes tous que de passage, et comme ici \u00ab c\u2019est Marseille BB \u00bb cela peut \u00eatre tr\u00e8s fr\u00e9quent\u00e9 l\u2019\u00e9t\u00e9 par les minots de la villes,&nbsp;<strong>les nuits peuvent donc \u00eatre beaucoup plus agit\u00e9es qu\u2019\u00e0 Nice ou l\u2019\u00eele R\u00e9<\/strong>.<\/p>\n\n\n\n<p><strong>\u2013&nbsp;<\/strong>Nous vous informons \u00e9galement que&nbsp;<strong>les rassemblements pour f\u00eates d\u2019anniversaires ou autres f\u00eates ne sont pas autoris\u00e9s&nbsp;<\/strong>nous serions dans l\u2019obligation d\u2019intervenir pour interrompre la f\u00eate ce qui ne serait agr\u00e9able pour personne.<\/p>\n\n\n\n<ul class=\"wp-block-list\">\n<li>1 lit double en 160 en mezzanine<\/li>\n\n\n\n<li>1 canap\u00e9 lit en 140 en rez de chauss\u00e9e<\/li>\n\n\n\n<li>une mini salle de bain avec douche et wc <\/li>\n\n\n\n<li>Une kitchenette avec tout ce qu&rsquo;il faut (plaque induction, cafeti\u00e8res filtre et nespresso, bouilloire, casseroles, po\u00eales, vaisselle, couverts), four traditionnel\/micro onde, r\u00e9frig\u00e9rateur\/cong\u00e9lateur<\/li>\n\n\n\n<li>s\u00e8che cheveux <\/li>\n\n\n\n<li>grill \u00e9lectrique et petit barbecue traditionnel<\/li>\n\n\n\n<li>Terrasse priv\u00e9e couverte face \u00e0 la mer et au couch\u00e9 de soleil avec table et chaises. <\/li>\n\n\n\n<li>Transats<\/li>\n\n\n\n<li>plaids<\/li>\n\n\n\n<li>draps, serviettes, torchons<\/li>\n\n\n\n<li>ventilateur<\/li>\n\n\n\n<li>chauffage d&rsquo;appoint<\/li>\n<\/ul>\n\n\n\n\n\n\n\n<p><\/p>\n\n\n\n<p class=\"has-text-align-left\">Le cabanon est situ\u00e9 sur la plage bonne brise, dite aussi \u00ab\u00a0chez d\u00e9d\u00e9\u00a0\u00bb ou plage de la verrerie, dans le 8i\u00e8me arrondissement de Marseille. Il est  aux portes du parc r\u00e9gional des calanques, sur la route des Goudes. <\/p>\n\n\n\n<p class=\"has-text-align-left\">Id\u00e9alement situ\u00e9 dans le quartier village de Montredon, \u00e0 quelques minutes du quartier des Goudes, vous trouverez tout sur place : transport en commun (bus), commerces en tout genre (boucherie, poissonnerie, tabac, presse, boulangeries, restaurant etc&#8230; )<\/p>\n\n\n\n<p class=\"has-text-align-left\">Les eaux cristallines de la plage bonne brise sont tr\u00e8s pris\u00e9es par les habitants de Marseille. <\/p>\n\n\n\n<p class=\"has-text-align-left\">Le cabanon est situ\u00e9 sur la plage, il fait parti d&rsquo;un ensemble de cabanons qui \u00e9taient  \u00e0 l&rsquo;origine des hangars \u00e0 bateaux et pouvaient servir aussi de refuge pour les p\u00eacheurs lorsqu&rsquo;ils ne pouvaient pas sortir en mer.  Rapidement, ces hangars ont \u00e9t\u00e9 transform\u00e9s en petites habitations secondaires tr\u00e8s sommaires o\u00f9 on venait passer les week end et les jours f\u00e9ri\u00e9s en famille ou entre amis. Un petit luxe que les classes les plus populaires de Marseille avaient r\u00e9ussi \u00e0 acqu\u00e9rir. <\/p>\n\n\n\n<p class=\"has-text-align-left\">Ces derni\u00e8res ann\u00e9es, certains cabanons ont \u00e9t\u00e9 d\u00e9truits sur demande de l&rsquo;\u00e9tat car ils \u00e9taient construits sur le domaine maritime. Ce n&rsquo;est pas le cas de ce cabanon ni de l&rsquo;ensemble de cabanons dont il fait partie.  <\/p>\n\n\n\n<p class=\"has-text-align-left\">Orient\u00e9 plein ouest les couchers de soleil sur les iles du Frioul sont tout simplement superbes. <\/p>\n\n\n\n<p class=\"has-text-align-left\">Cet endroit magique, unique et rare, nous le partageons en famille et quand nous n&rsquo;y sommes pas nous le mettons \u00e0 disposition de celles et ceux qui d\u00e9sirent vivre cette exp\u00e9rience pendant  quelques jours. L&rsquo;art de vivre qu&rsquo;offre les cabanons ne se retrouve nul part ailleurs !<\/p>\n\n\n\n<p><\/p>\n\n\n\n<p><\/p>\n\n\n\n<p class=\"has-text-align-left\"><strong>Cliquer sur le plan pour ouvrir google map<\/strong><\/p>\n\n\n<div class=\"wp-block-image\">\n<figure class=\"aligncenter size-full\"><a href=\"https:\/\/www.google.com\/maps\/place\/Cabanon+sur+la+plage+marseille\/@43.2358956,5.3575305,17z\/data=!3m1!4b1!4m6!3m5!1s0x12c9c74ba2ea4f4f:0xe235ba6de98c4d0e!8m2!3d43.2358956!4d5.3601054!16s%2Fg%2F11kjn_phxv?hl=fr&amp;entry=ttu\" target=\"_blank\" rel=\"noreferrer noopener\"><img loading=\"lazy\" decoding=\"async\" width=\"607\" height=\"715\" src=\"https:\/\/cabanon-marseille.fr\/wp-content\/uploads\/2023\/05\/plan.png\" alt=\"adresse du cabanon\" class=\"wp-image-29\" srcset=\"https:\/\/cabanon-marseille.fr\/wp-content\/uploads\/2023\/05\/plan.png 607w, https:\/\/cabanon-marseille.fr\/wp-content\/uploads\/2023\/05\/plan-255x300.png 255w\" sizes=\"auto, (max-width: 607px) 100vw, 607px\" \/><\/a><\/figure>\n<\/div>","protected":false},"excerpt":{"rendered":"<p>Un cabanon tout \u00e9quip\u00e9 pour des vacances r\u00e9ussies aux portes des calanques de Marseille. Un art de vivre \u00e0 la marseillaise ! \u2013&nbsp;L\u2019acc\u00e8s \u00e0 la plage et donc au cabanon demande une&nbsp;bonne mobilit\u00e9, escalier raide (voir page \u201cPhotos\u201d) \u2013&nbsp;Cette place est unique, elle est choy\u00e9e par les quelques Cabanoniers et les marseillais des alentours. Nous &hellip; <\/p>\n<p class=\"link-more\"><a href=\"https:\/\/cabanon-marseille.fr\/index.php\/ou-se-situe-le-cabanon\/\" class=\"more-link\">Lire la suite de<span class=\"screen-reader-text\">\u00ab\u00a0Le cabanon sur la plage \u00e0 Marseille\u00a0\u00bb<\/span><\/a><\/p>\n","protected":false},"author":1,"featured_media":0,"parent":0,"menu_order":0,"comment_status":"closed","ping_status":"closed","template":"","meta":{"footnotes":""},"class_list":["post-168","page","type-page","status-publish","hentry"],"yoast_head":"<!-- This site is optimized with the Yoast SEO plugin v27.4 - https:\/\/yoast.com\/product\/yoast-seo-wordpress\/ -->\n<title>location saisonni\u00e8re pour des vacances \u00e0 Marseille en bord de mer<\/title>\n<meta name=\"description\" content=\"location saisonni\u00e8re pour des vacances r\u00e9ussies en bord de mer \u00e0 Marseille. V\u00e9ritable cabanon de p\u00eacheur sur la plage. Calanques.\" \/>\n<meta name=\"robots\" content=\"index, follow, max-snippet:-1, max-image-preview:large, max-video-preview:-1\" \/>\n<link rel=\"canonical\" href=\"https:\/\/cabanon-marseille.fr\/index.php\/ou-se-situe-le-cabanon\/\" \/>\n<meta property=\"og:locale\" content=\"fr_FR\" \/>\n<meta property=\"og:type\" content=\"article\" \/>\n<meta property=\"og:title\" content=\"location saisonni\u00e8re pour des vacances \u00e0 Marseille en bord de mer\" \/>\n<meta property=\"og:description\" content=\"location saisonni\u00e8re pour des vacances r\u00e9ussies en bord de mer \u00e0 Marseille. V\u00e9ritable cabanon de p\u00eacheur sur la plage. Calanques.\" \/>\n<meta property=\"og:url\" content=\"https:\/\/cabanon-marseille.fr\/index.php\/ou-se-situe-le-cabanon\/\" \/>\n<meta property=\"og:site_name\" content=\"Cabanon de p\u00eacheur \u00e0 Marseille, en bord de mer\" \/>\n<meta property=\"article:modified_time\" content=\"2025-12-13T17:08:29+00:00\" \/>\n<meta property=\"og:image\" content=\"https:\/\/cabanon-marseille.fr\/wp-content\/uploads\/2024\/02\/229d91b1-9ab4-4fac-8544-762ab94c2ae4-4.jpg\" \/>\n\t<meta property=\"og:image:width\" content=\"2048\" \/>\n\t<meta property=\"og:image:height\" content=\"1536\" \/>\n\t<meta property=\"og:image:type\" content=\"image\/jpeg\" \/>\n<meta name=\"twitter:card\" content=\"summary_large_image\" \/>\n<meta name=\"twitter:label1\" content=\"Dur\u00e9e de lecture estim\u00e9e\" \/>\n\t<meta name=\"twitter:data1\" content=\"3 minutes\" \/>\n<script type=\"application\/ld+json\" class=\"yoast-schema-graph\">{\"@context\":\"https:\\\/\\\/schema.org\",\"@graph\":[{\"@type\":\"WebPage\",\"@id\":\"https:\\\/\\\/cabanon-marseille.fr\\\/index.php\\\/ou-se-situe-le-cabanon\\\/\",\"url\":\"https:\\\/\\\/cabanon-marseille.fr\\\/index.php\\\/ou-se-situe-le-cabanon\\\/\",\"name\":\"location saisonni\u00e8re pour des vacances \u00e0 Marseille en bord de mer\",\"isPartOf\":{\"@id\":\"https:\\\/\\\/cabanon-marseille.fr\\\/#website\"},\"primaryImageOfPage\":{\"@id\":\"https:\\\/\\\/cabanon-marseille.fr\\\/index.php\\\/ou-se-situe-le-cabanon\\\/#primaryimage\"},\"image\":{\"@id\":\"https:\\\/\\\/cabanon-marseille.fr\\\/index.php\\\/ou-se-situe-le-cabanon\\\/#primaryimage\"},\"thumbnailUrl\":\"https:\\\/\\\/cabanon-marseille.fr\\\/wp-content\\\/uploads\\\/2024\\\/02\\\/229d91b1-9ab4-4fac-8544-762ab94c2ae4-4.jpg\",\"datePublished\":\"2023-05-26T10:17:55+00:00\",\"dateModified\":\"2025-12-13T17:08:29+00:00\",\"description\":\"location saisonni\u00e8re pour des vacances r\u00e9ussies en bord de mer \u00e0 Marseille. V\u00e9ritable cabanon de p\u00eacheur sur la plage. Calanques.\",\"breadcrumb\":{\"@id\":\"https:\\\/\\\/cabanon-marseille.fr\\\/index.php\\\/ou-se-situe-le-cabanon\\\/#breadcrumb\"},\"inLanguage\":\"fr-FR\",\"potentialAction\":[{\"@type\":\"ReadAction\",\"target\":[\"https:\\\/\\\/cabanon-marseille.fr\\\/index.php\\\/ou-se-situe-le-cabanon\\\/\"]}]},{\"@type\":\"ImageObject\",\"inLanguage\":\"fr-FR\",\"@id\":\"https:\\\/\\\/cabanon-marseille.fr\\\/index.php\\\/ou-se-situe-le-cabanon\\\/#primaryimage\",\"url\":\"https:\\\/\\\/cabanon-marseille.fr\\\/wp-content\\\/uploads\\\/2024\\\/02\\\/229d91b1-9ab4-4fac-8544-762ab94c2ae4-4.jpg\",\"contentUrl\":\"https:\\\/\\\/cabanon-marseille.fr\\\/wp-content\\\/uploads\\\/2024\\\/02\\\/229d91b1-9ab4-4fac-8544-762ab94c2ae4-4.jpg\",\"width\":2048,\"height\":1536},{\"@type\":\"BreadcrumbList\",\"@id\":\"https:\\\/\\\/cabanon-marseille.fr\\\/index.php\\\/ou-se-situe-le-cabanon\\\/#breadcrumb\",\"itemListElement\":[{\"@type\":\"ListItem\",\"position\":1,\"name\":\"Accueil\",\"item\":\"https:\\\/\\\/cabanon-marseille.fr\\\/\"},{\"@type\":\"ListItem\",\"position\":2,\"name\":\"Le cabanon sur la plage \u00e0 Marseille\"}]},{\"@type\":\"WebSite\",\"@id\":\"https:\\\/\\\/cabanon-marseille.fr\\\/#website\",\"url\":\"https:\\\/\\\/cabanon-marseille.fr\\\/\",\"name\":\"Cabanon de p\u00eacheur \u00e0 Marseille, en bord de mer\",\"description\":\"Au plus pr\u00e8s de la mer, face aux couchers de soleil sur les iles du Frioul. Magique !\",\"publisher\":{\"@id\":\"https:\\\/\\\/cabanon-marseille.fr\\\/#organization\"},\"alternateName\":\"location saisonni\u00e8re Marseille bord de mer, sur la plage\",\"potentialAction\":[{\"@type\":\"SearchAction\",\"target\":{\"@type\":\"EntryPoint\",\"urlTemplate\":\"https:\\\/\\\/cabanon-marseille.fr\\\/?s={search_term_string}\"},\"query-input\":{\"@type\":\"PropertyValueSpecification\",\"valueRequired\":true,\"valueName\":\"search_term_string\"}}],\"inLanguage\":\"fr-FR\"},{\"@type\":\"Organization\",\"@id\":\"https:\\\/\\\/cabanon-marseille.fr\\\/#organization\",\"name\":\"Cabanon de p\u00eacheur \u00e0 Marseille, en bord de mer\",\"url\":\"https:\\\/\\\/cabanon-marseille.fr\\\/\",\"logo\":{\"@type\":\"ImageObject\",\"inLanguage\":\"fr-FR\",\"@id\":\"https:\\\/\\\/cabanon-marseille.fr\\\/#\\\/schema\\\/logo\\\/image\\\/\",\"url\":\"https:\\\/\\\/cabanon-marseille.fr\\\/wp-content\\\/uploads\\\/2023\\\/05\\\/cropped-cropped-img_2050-2-scaled-1.jpeg\",\"contentUrl\":\"https:\\\/\\\/cabanon-marseille.fr\\\/wp-content\\\/uploads\\\/2023\\\/05\\\/cropped-cropped-img_2050-2-scaled-1.jpeg\",\"width\":2000,\"height\":1200,\"caption\":\"Cabanon de p\u00eacheur \u00e0 Marseille, en bord de mer\"},\"image\":{\"@id\":\"https:\\\/\\\/cabanon-marseille.fr\\\/#\\\/schema\\\/logo\\\/image\\\/\"}}]}<\/script>\n<!-- \/ Yoast SEO plugin. -->","yoast_head_json":{"title":"location saisonni\u00e8re pour des vacances \u00e0 Marseille en bord de mer","description":"location saisonni\u00e8re pour des vacances r\u00e9ussies en bord de mer \u00e0 Marseille. V\u00e9ritable cabanon de p\u00eacheur sur la plage. Calanques.","robots":{"index":"index","follow":"follow","max-snippet":"max-snippet:-1","max-image-preview":"max-image-preview:large","max-video-preview":"max-video-preview:-1"},"canonical":"https:\/\/cabanon-marseille.fr\/index.php\/ou-se-situe-le-cabanon\/","og_locale":"fr_FR","og_type":"article","og_title":"location saisonni\u00e8re pour des vacances \u00e0 Marseille en bord de mer","og_description":"location saisonni\u00e8re pour des vacances r\u00e9ussies en bord de mer \u00e0 Marseille. V\u00e9ritable cabanon de p\u00eacheur sur la plage. Calanques.","og_url":"https:\/\/cabanon-marseille.fr\/index.php\/ou-se-situe-le-cabanon\/","og_site_name":"Cabanon de p\u00eacheur \u00e0 Marseille, en bord de mer","article_modified_time":"2025-12-13T17:08:29+00:00","og_image":[{"width":2048,"height":1536,"url":"https:\/\/cabanon-marseille.fr\/wp-content\/uploads\/2024\/02\/229d91b1-9ab4-4fac-8544-762ab94c2ae4-4.jpg","type":"image\/jpeg"}],"twitter_card":"summary_large_image","twitter_misc":{"Dur\u00e9e de lecture estim\u00e9e":"3 minutes"},"schema":{"@context":"https:\/\/schema.org","@graph":[{"@type":"WebPage","@id":"https:\/\/cabanon-marseille.fr\/index.php\/ou-se-situe-le-cabanon\/","url":"https:\/\/cabanon-marseille.fr\/index.php\/ou-se-situe-le-cabanon\/","name":"location saisonni\u00e8re pour des vacances \u00e0 Marseille en bord de mer","isPartOf":{"@id":"https:\/\/cabanon-marseille.fr\/#website"},"primaryImageOfPage":{"@id":"https:\/\/cabanon-marseille.fr\/index.php\/ou-se-situe-le-cabanon\/#primaryimage"},"image":{"@id":"https:\/\/cabanon-marseille.fr\/index.php\/ou-se-situe-le-cabanon\/#primaryimage"},"thumbnailUrl":"https:\/\/cabanon-marseille.fr\/wp-content\/uploads\/2024\/02\/229d91b1-9ab4-4fac-8544-762ab94c2ae4-4.jpg","datePublished":"2023-05-26T10:17:55+00:00","dateModified":"2025-12-13T17:08:29+00:00","description":"location saisonni\u00e8re pour des vacances r\u00e9ussies en bord de mer \u00e0 Marseille. V\u00e9ritable cabanon de p\u00eacheur sur la plage. Calanques.","breadcrumb":{"@id":"https:\/\/cabanon-marseille.fr\/index.php\/ou-se-situe-le-cabanon\/#breadcrumb"},"inLanguage":"fr-FR","potentialAction":[{"@type":"ReadAction","target":["https:\/\/cabanon-marseille.fr\/index.php\/ou-se-situe-le-cabanon\/"]}]},{"@type":"ImageObject","inLanguage":"fr-FR","@id":"https:\/\/cabanon-marseille.fr\/index.php\/ou-se-situe-le-cabanon\/#primaryimage","url":"https:\/\/cabanon-marseille.fr\/wp-content\/uploads\/2024\/02\/229d91b1-9ab4-4fac-8544-762ab94c2ae4-4.jpg","contentUrl":"https:\/\/cabanon-marseille.fr\/wp-content\/uploads\/2024\/02\/229d91b1-9ab4-4fac-8544-762ab94c2ae4-4.jpg","width":2048,"height":1536},{"@type":"BreadcrumbList","@id":"https:\/\/cabanon-marseille.fr\/index.php\/ou-se-situe-le-cabanon\/#breadcrumb","itemListElement":[{"@type":"ListItem","position":1,"name":"Accueil","item":"https:\/\/cabanon-marseille.fr\/"},{"@type":"ListItem","position":2,"name":"Le cabanon sur la plage \u00e0 Marseille"}]},{"@type":"WebSite","@id":"https:\/\/cabanon-marseille.fr\/#website","url":"https:\/\/cabanon-marseille.fr\/","name":"Cabanon de p\u00eacheur \u00e0 Marseille, en bord de mer","description":"Au plus pr\u00e8s de la mer, face aux couchers de soleil sur les iles du Frioul. Magique !","publisher":{"@id":"https:\/\/cabanon-marseille.fr\/#organization"},"alternateName":"location saisonni\u00e8re Marseille bord de mer, sur la plage","potentialAction":[{"@type":"SearchAction","target":{"@type":"EntryPoint","urlTemplate":"https:\/\/cabanon-marseille.fr\/?s={search_term_string}"},"query-input":{"@type":"PropertyValueSpecification","valueRequired":true,"valueName":"search_term_string"}}],"inLanguage":"fr-FR"},{"@type":"Organization","@id":"https:\/\/cabanon-marseille.fr\/#organization","name":"Cabanon de p\u00eacheur \u00e0 Marseille, en bord de mer","url":"https:\/\/cabanon-marseille.fr\/","logo":{"@type":"ImageObject","inLanguage":"fr-FR","@id":"https:\/\/cabanon-marseille.fr\/#\/schema\/logo\/image\/","url":"https:\/\/cabanon-marseille.fr\/wp-content\/uploads\/2023\/05\/cropped-cropped-img_2050-2-scaled-1.jpeg","contentUrl":"https:\/\/cabanon-marseille.fr\/wp-content\/uploads\/2023\/05\/cropped-cropped-img_2050-2-scaled-1.jpeg","width":2000,"height":1200,"caption":"Cabanon de p\u00eacheur \u00e0 Marseille, en bord de mer"},"image":{"@id":"https:\/\/cabanon-marseille.fr\/#\/schema\/logo\/image\/"}}]}},"_links":{"self":[{"href":"https:\/\/cabanon-marseille.fr\/index.php\/wp-json\/wp\/v2\/pages\/168","targetHints":{"allow":["GET"]}}],"collection":[{"href":"https:\/\/cabanon-marseille.fr\/index.php\/wp-json\/wp\/v2\/pages"}],"about":[{"href":"https:\/\/cabanon-marseille.fr\/index.php\/wp-json\/wp\/v2\/types\/page"}],"author":[{"embeddable":true,"href":"https:\/\/cabanon-marseille.fr\/index.php\/wp-json\/wp\/v2\/users\/1"}],"replies":[{"embeddable":true,"href":"https:\/\/cabanon-marseille.fr\/index.php\/wp-json\/wp\/v2\/comments?post=168"}],"version-history":[{"count":38,"href":"https:\/\/cabanon-marseille.fr\/index.php\/wp-json\/wp\/v2\/pages\/168\/revisions"}],"predecessor-version":[{"id":857,"href":"https:\/\/cabanon-marseille.fr\/index.php\/wp-json\/wp\/v2\/pages\/168\/revisions\/857"}],"wp:attachment":[{"href":"https:\/\/cabanon-marseille.fr\/index.php\/wp-json\/wp\/v2\/media?parent=168"}],"curies":[{"name":"wp","href":"https:\/\/api.w.org\/{rel}","templated":true}]}}