{"id":136,"date":"2023-05-25T17:27:43","date_gmt":"2023-05-25T15:27:43","guid":{"rendered":"http:\/\/cabanon-marseille.fr\/?page_id=136"},"modified":"2024-09-24T09:19:35","modified_gmt":"2024-09-24T07:19:35","slug":"description-du-cabanon","status":"publish","type":"page","link":"https:\/\/cabanon-marseille.fr\/","title":{"rendered":"Description du cabanon sur la plage, location en bord de mer, \u00e0 Marseille."},"content":{"rendered":"\n<p>V\u00e9ritable cabanon de p\u00eacheur en bord de mer, les pieds dans le sable, sur la plage de la verrerie dite aussi plage  bonne brise ou \u00ab&nbsp;chez D\u00e9d\u00e9&nbsp;\u00bb, face \u00e0 la mer et au coucher de soleil qui tombe sur les \u00eeles du Frioul, \u00e0 deux pas du parc r\u00e9gional des calanques. Un endroit id\u00e9al pour d\u00e9connecter ! Tout simplement magique.<\/p>\n\n\n\n<figure class=\"wp-block-image size-large\"><img loading=\"lazy\" decoding=\"async\" width=\"1024\" height=\"768\" src=\"https:\/\/cabanon-marseille.fr\/wp-content\/uploads\/2024\/09\/cabanon-1-1024x768.jpeg\" alt=\"\" class=\"wp-image-745\" srcset=\"https:\/\/cabanon-marseille.fr\/wp-content\/uploads\/2024\/09\/cabanon-1-1024x768.jpeg 1024w, https:\/\/cabanon-marseille.fr\/wp-content\/uploads\/2024\/09\/cabanon-1-300x225.jpeg 300w, https:\/\/cabanon-marseille.fr\/wp-content\/uploads\/2024\/09\/cabanon-1-768x576.jpeg 768w, https:\/\/cabanon-marseille.fr\/wp-content\/uploads\/2024\/09\/cabanon-1-1536x1152.jpeg 1536w, https:\/\/cabanon-marseille.fr\/wp-content\/uploads\/2024\/09\/cabanon-1-2048x1536.jpeg 2048w, https:\/\/cabanon-marseille.fr\/wp-content\/uploads\/2024\/09\/cabanon-1-2000x1500.jpeg 2000w\" sizes=\"auto, (max-width: 1024px) 100vw, 1024px\" \/><\/figure>\n\n\n\n<div class=\"wp-block-buttons is-content-justification-center is-layout-flex wp-container-core-buttons-is-layout-16018d1d wp-block-buttons-is-layout-flex\">\n<div class=\"wp-block-button\"><a class=\"wp-block-button__link wp-element-button\" href=\"https:\/\/cabanon-marseille.fr\/index.php\/quelques-photos\/?preview=true\">Voir des photos<\/a><\/div>\n<\/div>\n\n\n\n<p><\/p>\n\n\n\n<p>Ce cabanon en front de mer fait partie d\u2019un ensemble de cabanons, il a une superficie de 20 m2 et 12 m2 de terrasse couverte. V\u00e9ritable logement Il est compos\u00e9 d\u2019un lit double en 160 cm en mezzanine, d\u2019un canap\u00e9 lit de type BZ en 140 cm, d\u2019un espace cuisine, d\u2019une toute petite salle de bain avec douche et toilette. Vue sur la mer \u00e0 180 degr\u00e9s, les iles du Frioul et le coucher de soleil .<\/p>\n\n\n\n<p><\/p>\n\n\n\n<div class=\"wp-block-buttons is-content-justification-center is-layout-flex wp-container-core-buttons-is-layout-16018d1d wp-block-buttons-is-layout-flex\">\n<div class=\"wp-block-button\"><a class=\"wp-block-button__link wp-element-button\" href=\"https:\/\/cabanon-marseille.fr\/index.php\/ou-se-situe-le-cabanon\/\">en savoir plus sur le cabanon<\/a><\/div>\n<\/div>\n\n\n\n\n\n\n\n<p><\/p>\n\n\n\n<p><\/p>\n\n\n\n<p><\/p>\n\n\n\n<div class=\"wp-block-buttons is-content-justification-center is-layout-flex wp-container-core-buttons-is-layout-16018d1d wp-block-buttons-is-layout-flex\">\n<div class=\"wp-block-button\"><a class=\"wp-block-button__link wp-element-button\" href=\"https:\/\/cabanon-marseille.fr\/index.php\/contact\/?preview=true\" target=\"_blank\" rel=\"noreferrer noopener\">Contact<\/a><\/div>\n<\/div>\n\n\n\n<p><\/p>\n","protected":false},"excerpt":{"rendered":"<p>V\u00e9ritable cabanon de p\u00eacheur en bord de mer, les pieds dans le sable, sur la plage de la verrerie dite aussi plage bonne brise ou \u00ab&nbsp;chez D\u00e9d\u00e9&nbsp;\u00bb, face \u00e0 la mer et au coucher de soleil qui tombe sur les \u00eeles du Frioul, \u00e0 deux pas du parc r\u00e9gional des calanques. Un endroit id\u00e9al pour &hellip; <\/p>\n<p class=\"link-more\"><a href=\"https:\/\/cabanon-marseille.fr\/\" class=\"more-link\">Lire la suite de<span class=\"screen-reader-text\">\u00ab\u00a0Description du cabanon sur la plage, location en bord de mer, \u00e0 Marseille.\u00a0\u00bb<\/span><\/a><\/p>\n","protected":false},"author":1,"featured_media":0,"parent":0,"menu_order":0,"comment_status":"closed","ping_status":"closed","template":"","meta":{"footnotes":""},"class_list":["post-136","page","type-page","status-publish","hentry"],"yoast_head":"<!-- This site is optimized with the Yoast SEO plugin v27.4 - https:\/\/yoast.com\/product\/yoast-seo-wordpress\/ -->\n<title>Cabanon de p\u00eacheur \u00e0 Marseille sur la plage<\/title>\n<meta name=\"description\" content=\"Location d&#039;un cabanon de p\u00eacheur, location de vacances, location saisonni\u00e8re, sur plage chez d\u00e9d\u00e9 \u00e0 Marseille, proche des calanques\" \/>\n<meta name=\"robots\" content=\"index, follow, max-snippet:-1, max-image-preview:large, max-video-preview:-1\" \/>\n<link rel=\"canonical\" href=\"https:\/\/cabanon-marseille.fr\/\" \/>\n<meta property=\"og:locale\" content=\"fr_FR\" \/>\n<meta property=\"og:type\" content=\"article\" \/>\n<meta property=\"og:title\" content=\"Cabanon de p\u00eacheur \u00e0 Marseille sur la plage\" \/>\n<meta property=\"og:description\" content=\"Location d&#039;un cabanon de p\u00eacheur, location de vacances, location saisonni\u00e8re, sur plage chez d\u00e9d\u00e9 \u00e0 Marseille, proche des calanques\" \/>\n<meta property=\"og:url\" content=\"https:\/\/cabanon-marseille.fr\/\" \/>\n<meta property=\"og:site_name\" content=\"Cabanon de p\u00eacheur \u00e0 Marseille, en bord de mer\" \/>\n<meta property=\"article:modified_time\" content=\"2024-09-24T07:19:35+00:00\" \/>\n<meta property=\"og:image\" content=\"https:\/\/cabanon-marseille.fr\/wp-content\/uploads\/2024\/09\/cabanon-1-1024x768.jpeg\" \/>\n<meta name=\"twitter:card\" content=\"summary_large_image\" \/>\n<meta name=\"twitter:label1\" content=\"Dur\u00e9e de lecture estim\u00e9e\" \/>\n\t<meta name=\"twitter:data1\" content=\"1 minute\" \/>\n<script type=\"application\/ld+json\" class=\"yoast-schema-graph\">{\"@context\":\"https:\\\/\\\/schema.org\",\"@graph\":[{\"@type\":\"WebPage\",\"@id\":\"https:\\\/\\\/cabanon-marseille.fr\\\/\",\"url\":\"https:\\\/\\\/cabanon-marseille.fr\\\/\",\"name\":\"Cabanon de p\u00eacheur \u00e0 Marseille sur la plage\",\"isPartOf\":{\"@id\":\"https:\\\/\\\/cabanon-marseille.fr\\\/#website\"},\"primaryImageOfPage\":{\"@id\":\"https:\\\/\\\/cabanon-marseille.fr\\\/#primaryimage\"},\"image\":{\"@id\":\"https:\\\/\\\/cabanon-marseille.fr\\\/#primaryimage\"},\"thumbnailUrl\":\"https:\\\/\\\/cabanon-marseille.fr\\\/wp-content\\\/uploads\\\/2024\\\/09\\\/cabanon-1-1024x768.jpeg\",\"datePublished\":\"2023-05-25T15:27:43+00:00\",\"dateModified\":\"2024-09-24T07:19:35+00:00\",\"description\":\"Location d'un cabanon de p\u00eacheur, location de vacances, location saisonni\u00e8re, sur plage chez d\u00e9d\u00e9 \u00e0 Marseille, proche des calanques\",\"breadcrumb\":{\"@id\":\"https:\\\/\\\/cabanon-marseille.fr\\\/#breadcrumb\"},\"inLanguage\":\"fr-FR\",\"potentialAction\":[{\"@type\":\"ReadAction\",\"target\":[\"https:\\\/\\\/cabanon-marseille.fr\\\/\"]}]},{\"@type\":\"ImageObject\",\"inLanguage\":\"fr-FR\",\"@id\":\"https:\\\/\\\/cabanon-marseille.fr\\\/#primaryimage\",\"url\":\"https:\\\/\\\/cabanon-marseille.fr\\\/wp-content\\\/uploads\\\/2024\\\/09\\\/cabanon-1-scaled.jpeg\",\"contentUrl\":\"https:\\\/\\\/cabanon-marseille.fr\\\/wp-content\\\/uploads\\\/2024\\\/09\\\/cabanon-1-scaled.jpeg\",\"width\":2560,\"height\":1920},{\"@type\":\"BreadcrumbList\",\"@id\":\"https:\\\/\\\/cabanon-marseille.fr\\\/#breadcrumb\",\"itemListElement\":[{\"@type\":\"ListItem\",\"position\":1,\"name\":\"Accueil\",\"item\":\"https:\\\/\\\/cabanon-marseille.fr\\\/\"},{\"@type\":\"ListItem\",\"position\":2,\"name\":\"Description du cabanon sur la plage, location en bord de mer, \u00e0 Marseille.\"}]},{\"@type\":\"WebSite\",\"@id\":\"https:\\\/\\\/cabanon-marseille.fr\\\/#website\",\"url\":\"https:\\\/\\\/cabanon-marseille.fr\\\/\",\"name\":\"Cabanon de p\u00eacheur \u00e0 Marseille, en bord de mer\",\"description\":\"Au plus pr\u00e8s de la mer, face aux couchers de soleil sur les iles du Frioul. Magique !\",\"publisher\":{\"@id\":\"https:\\\/\\\/cabanon-marseille.fr\\\/#organization\"},\"alternateName\":\"location saisonni\u00e8re Marseille bord de mer, sur la plage\",\"potentialAction\":[{\"@type\":\"SearchAction\",\"target\":{\"@type\":\"EntryPoint\",\"urlTemplate\":\"https:\\\/\\\/cabanon-marseille.fr\\\/?s={search_term_string}\"},\"query-input\":{\"@type\":\"PropertyValueSpecification\",\"valueRequired\":true,\"valueName\":\"search_term_string\"}}],\"inLanguage\":\"fr-FR\"},{\"@type\":\"Organization\",\"@id\":\"https:\\\/\\\/cabanon-marseille.fr\\\/#organization\",\"name\":\"Cabanon de p\u00eacheur \u00e0 Marseille, en bord de mer\",\"url\":\"https:\\\/\\\/cabanon-marseille.fr\\\/\",\"logo\":{\"@type\":\"ImageObject\",\"inLanguage\":\"fr-FR\",\"@id\":\"https:\\\/\\\/cabanon-marseille.fr\\\/#\\\/schema\\\/logo\\\/image\\\/\",\"url\":\"https:\\\/\\\/cabanon-marseille.fr\\\/wp-content\\\/uploads\\\/2023\\\/05\\\/cropped-cropped-img_2050-2-scaled-1.jpeg\",\"contentUrl\":\"https:\\\/\\\/cabanon-marseille.fr\\\/wp-content\\\/uploads\\\/2023\\\/05\\\/cropped-cropped-img_2050-2-scaled-1.jpeg\",\"width\":2000,\"height\":1200,\"caption\":\"Cabanon de p\u00eacheur \u00e0 Marseille, en bord de mer\"},\"image\":{\"@id\":\"https:\\\/\\\/cabanon-marseille.fr\\\/#\\\/schema\\\/logo\\\/image\\\/\"}}]}<\/script>\n<!-- \/ Yoast SEO plugin. -->","yoast_head_json":{"title":"Cabanon de p\u00eacheur \u00e0 Marseille sur la plage","description":"Location d'un cabanon de p\u00eacheur, location de vacances, location saisonni\u00e8re, sur plage chez d\u00e9d\u00e9 \u00e0 Marseille, proche des calanques","robots":{"index":"index","follow":"follow","max-snippet":"max-snippet:-1","max-image-preview":"max-image-preview:large","max-video-preview":"max-video-preview:-1"},"canonical":"https:\/\/cabanon-marseille.fr\/","og_locale":"fr_FR","og_type":"article","og_title":"Cabanon de p\u00eacheur \u00e0 Marseille sur la plage","og_description":"Location d'un cabanon de p\u00eacheur, location de vacances, location saisonni\u00e8re, sur plage chez d\u00e9d\u00e9 \u00e0 Marseille, proche des calanques","og_url":"https:\/\/cabanon-marseille.fr\/","og_site_name":"Cabanon de p\u00eacheur \u00e0 Marseille, en bord de mer","article_modified_time":"2024-09-24T07:19:35+00:00","og_image":[{"url":"https:\/\/cabanon-marseille.fr\/wp-content\/uploads\/2024\/09\/cabanon-1-1024x768.jpeg","type":"","width":"","height":""}],"twitter_card":"summary_large_image","twitter_misc":{"Dur\u00e9e de lecture estim\u00e9e":"1 minute"},"schema":{"@context":"https:\/\/schema.org","@graph":[{"@type":"WebPage","@id":"https:\/\/cabanon-marseille.fr\/","url":"https:\/\/cabanon-marseille.fr\/","name":"Cabanon de p\u00eacheur \u00e0 Marseille sur la plage","isPartOf":{"@id":"https:\/\/cabanon-marseille.fr\/#website"},"primaryImageOfPage":{"@id":"https:\/\/cabanon-marseille.fr\/#primaryimage"},"image":{"@id":"https:\/\/cabanon-marseille.fr\/#primaryimage"},"thumbnailUrl":"https:\/\/cabanon-marseille.fr\/wp-content\/uploads\/2024\/09\/cabanon-1-1024x768.jpeg","datePublished":"2023-05-25T15:27:43+00:00","dateModified":"2024-09-24T07:19:35+00:00","description":"Location d'un cabanon de p\u00eacheur, location de vacances, location saisonni\u00e8re, sur plage chez d\u00e9d\u00e9 \u00e0 Marseille, proche des calanques","breadcrumb":{"@id":"https:\/\/cabanon-marseille.fr\/#breadcrumb"},"inLanguage":"fr-FR","potentialAction":[{"@type":"ReadAction","target":["https:\/\/cabanon-marseille.fr\/"]}]},{"@type":"ImageObject","inLanguage":"fr-FR","@id":"https:\/\/cabanon-marseille.fr\/#primaryimage","url":"https:\/\/cabanon-marseille.fr\/wp-content\/uploads\/2024\/09\/cabanon-1-scaled.jpeg","contentUrl":"https:\/\/cabanon-marseille.fr\/wp-content\/uploads\/2024\/09\/cabanon-1-scaled.jpeg","width":2560,"height":1920},{"@type":"BreadcrumbList","@id":"https:\/\/cabanon-marseille.fr\/#breadcrumb","itemListElement":[{"@type":"ListItem","position":1,"name":"Accueil","item":"https:\/\/cabanon-marseille.fr\/"},{"@type":"ListItem","position":2,"name":"Description du cabanon sur la plage, location en bord de mer, \u00e0 Marseille."}]},{"@type":"WebSite","@id":"https:\/\/cabanon-marseille.fr\/#website","url":"https:\/\/cabanon-marseille.fr\/","name":"Cabanon de p\u00eacheur \u00e0 Marseille, en bord de mer","description":"Au plus pr\u00e8s de la mer, face aux couchers de soleil sur les iles du Frioul. Magique !","publisher":{"@id":"https:\/\/cabanon-marseille.fr\/#organization"},"alternateName":"location saisonni\u00e8re Marseille bord de mer, sur la plage","potentialAction":[{"@type":"SearchAction","target":{"@type":"EntryPoint","urlTemplate":"https:\/\/cabanon-marseille.fr\/?s={search_term_string}"},"query-input":{"@type":"PropertyValueSpecification","valueRequired":true,"valueName":"search_term_string"}}],"inLanguage":"fr-FR"},{"@type":"Organization","@id":"https:\/\/cabanon-marseille.fr\/#organization","name":"Cabanon de p\u00eacheur \u00e0 Marseille, en bord de mer","url":"https:\/\/cabanon-marseille.fr\/","logo":{"@type":"ImageObject","inLanguage":"fr-FR","@id":"https:\/\/cabanon-marseille.fr\/#\/schema\/logo\/image\/","url":"https:\/\/cabanon-marseille.fr\/wp-content\/uploads\/2023\/05\/cropped-cropped-img_2050-2-scaled-1.jpeg","contentUrl":"https:\/\/cabanon-marseille.fr\/wp-content\/uploads\/2023\/05\/cropped-cropped-img_2050-2-scaled-1.jpeg","width":2000,"height":1200,"caption":"Cabanon de p\u00eacheur \u00e0 Marseille, en bord de mer"},"image":{"@id":"https:\/\/cabanon-marseille.fr\/#\/schema\/logo\/image\/"}}]}},"_links":{"self":[{"href":"https:\/\/cabanon-marseille.fr\/index.php\/wp-json\/wp\/v2\/pages\/136","targetHints":{"allow":["GET"]}}],"collection":[{"href":"https:\/\/cabanon-marseille.fr\/index.php\/wp-json\/wp\/v2\/pages"}],"about":[{"href":"https:\/\/cabanon-marseille.fr\/index.php\/wp-json\/wp\/v2\/types\/page"}],"author":[{"embeddable":true,"href":"https:\/\/cabanon-marseille.fr\/index.php\/wp-json\/wp\/v2\/users\/1"}],"replies":[{"embeddable":true,"href":"https:\/\/cabanon-marseille.fr\/index.php\/wp-json\/wp\/v2\/comments?post=136"}],"version-history":[{"count":34,"href":"https:\/\/cabanon-marseille.fr\/index.php\/wp-json\/wp\/v2\/pages\/136\/revisions"}],"predecessor-version":[{"id":746,"href":"https:\/\/cabanon-marseille.fr\/index.php\/wp-json\/wp\/v2\/pages\/136\/revisions\/746"}],"wp:attachment":[{"href":"https:\/\/cabanon-marseille.fr\/index.php\/wp-json\/wp\/v2\/media?parent=136"}],"curies":[{"name":"wp","href":"https:\/\/api.w.org\/{rel}","templated":true}]}}